{"id":8,"date":"2019-06-20T05:06:33","date_gmt":"2019-06-20T05:06:33","guid":{"rendered":"http:\/\/demo.motothemes.co\/netw5\/insurance\/?page_id=8"},"modified":"2020-05-19T01:25:27","modified_gmt":"2020-05-19T01:25:27","slug":"contato","status":"publish","type":"page","link":"https:\/\/www.pwksecurity.com.br\/bem-vindo\/contato\/","title":{"rendered":"Fale conosco"},"content":{"rendered":"<p>[vc_row][vc_column css=&#8221;.vc_custom_1561101689038{margin-top: 0px !important;margin-bottom: 0px !important;padding-top: 0px !important;padding-bottom: 0px !important;}&#8221;]<div class=\"motov4_spacer_69fa885199749\"><\/div><section class=\"motov4_fancy_heading text-left motov4_center_right_border motov4_69fa885199770\"><h1>Contato<\/h1><\/section><section class=\"motov4_fancy_heading text-left no_border motov4_69fa88519979a\"><h2>Fale Conosco<\/h2><\/section><div class=\"motov4_spacer_69fa8851997ad\"><\/div>[vc_row_inner][vc_column_inner width=&#8221;1\/2&#8243; css=&#8221;.vc_custom_1561102383602{margin-top: 0px !important;margin-bottom: 0px !important;padding-top: 0px !important;padding-bottom: 0px !important;}&#8221; offset=&#8221;vc_col-lg-6 vc_col-md-6&#8243;]<div class=\"motov4_img_design  motov4_bg_opacity motov4_img_border motov4_image_69fa8851997bc\"><img src=\"https:\/\/i0.wp.com\/www.pwksecurity.com.br\/bem-vindo\/wp-content\/uploads\/2019\/06\/insurence-tam01.jpg?fit=368%2C452&#038;ssl=1\" alt=\"Image Missing\" class=\"img-fluid\"\/><\/div>[\/vc_column_inner][vc_column_inner width=&#8221;1\/2&#8243; css=&#8221;.vc_custom_1561102108266{margin-top: 0px !important;margin-bottom: 0px !important;padding-top: 0px !important;padding-bottom: 0px !important;}&#8221;]<div class=\"motov4_spacer_69fa885199b49\"><\/div><div class=\"motov4_form_render motov4_form_69fa885199b59\"><div class=\"row\"><div class=\"motov4_messages\" style=\"display:none;\">\r\n\t\t\t\t\t\t<input type=\"hidden\" value=\"Sua mensagem foi enviada com sucesso!\">\r\n\t\t\t\t\t\t<input type=\"hidden\" value=\"Ocorreu um erro ao tentar enviar sua mensagem. Por favor, tente novamente.\">\r\n\t\t\t\t\t\t<input type=\"hidden\" value=\"Um ou mais campos t\u00eam um erro. Por favor verifique e tente novamente.\">\r\n\t\t\t\t\t\t<input type=\"hidden\" value=\"Este campo \u00e9 obrigat\u00f3rio!\">\r\n\t\t\t\t\t\t<input type=\"hidden\" value=\"E-mail: endere\u00e7o de e-mail inv\u00e1lido.\">\r\n\t\t\t\t\t<\/div><div class=\"col-xs-12 col-md-6 col-lg-6\"><div class=\"form-group\" data-fieldType=\"text\"><label for=\"Nome\" class=\"motov4_label\">Nome<\/label><input type=\"text\" class=\"form-control motov4_req_field\" placeholder=\"\" name=\"text_39493\"><\/div><\/div><div class=\"col-xs-12 col-md-6 col-lg-6\"><div class=\"form-group\" data-fieldType=\"email\"><label for=\"Email\" class=\"motov4_label\">Email<\/label><input type=\"text\" class=\"form-control motov4_req_field\" placeholder=\"\" name=\"email_12974\"><\/div><\/div><div class=\"col-xs-12 col-md-6 col-lg-6\"><div class=\"form-group\" data-fieldType=\"text\"><label for=\"Telefone\" class=\"motov4_label\">Telefone<\/label><input type=\"text\" class=\"form-control motov4_req_field\" placeholder=\"\" name=\"text_96917\"><\/div><\/div><div class=\"col-xs-12 col-md-6 col-lg-6\"><div class=\"form-group\" data-fieldType=\"select\"><label for=\"Select\" class=\"motov4_label\">Select<\/label><select class=\"form-control\" ><option value=\"option-1\">Informa\u00e7\u00f5es sobre solu\u00e7\u00f5es<\/option><option value=\"option-2\">Or\u00e7amento<\/option><option value=\"option-3\">Sobre Pedidos<\/option><option value=\"option-4\">Seja nosso parceiro<\/option><option value=\"option-5\">Trabalhe conosco<\/option><option value=\"option-6\">Outros<\/option><\/select><\/div><\/div><div class=\"col-xs-12 col-md-12 col-lg-12\"><div class=\"form-group\" data-fieldType=\"textarea\"><label for=\"Mensagem\" class=\"motov4_label\">Mensagem<\/label><textarea class=\"form-control motov4_req_field\" placeholder=\"\" name=\"textarea_47926\"><\/textarea><\/div><\/div><div class=\"col-xs-12 col-md-12 col-lg-12\"><div class=\"form-group\" data-fieldType=\"button\"><button type=\"button\" class=\"motov4_btn_69fa885199b59 motov4_btn motov4_form_submit motov4_button_inside motov4_button_default_size\" name=\"button_55036\" data-form_id=\"2\">Enviar<\/button><div class=\"motov4_loader_img\"><div><\/div><div><\/div><\/div><\/div><\/div><div class=\"motov4_form_msg\" style=\"display:none\"><p><\/p><\/div><\/div><\/div><div class=\"um_alert_wrapper\"> \r\n\t\t\t\t\t\t\t<div class=\"um_alert_inner\">\r\n\t\t\t\t\t\t\t\t<p><\/p>\r\n\t\t\t\t\t\t\t<\/div>\r\n\t\t\t\t\t\t<\/div>[\/vc_column_inner][\/vc_row_inner]<div class=\"motov4_spacer_69fa885199cc2\"><\/div>[\/vc_column][\/vc_row][vc_row][vc_column][vc_empty_space height=&#8221;300px&#8221;][\/vc_column][\/vc_row]<\/p>\n","protected":false},"excerpt":{"rendered":"<p>[vc_row][vc_column css=&#8221;.vc_custom_1561101689038{margin-top: 0px !important;margin-bottom: 0px !important;padding-top: 0px !important;padding-bottom: 0px !important;}&#8221;][vc_row_inner][vc_column_inner width=&#8221;1\/2&#8243; css=&#8221;.vc_custom_1561102383602{margin-top: 0px !important;margin-bottom: 0px !important;padding-top: 0px !important;padding-bottom: 0px !important;}&#8221;.<\/p>\n","protected":false},"author":1,"featured_media":0,"parent":0,"menu_order":0,"comment_status":"closed","ping_status":"closed","template":"","meta":{"spay_email":""},"_links":{"self":[{"href":"https:\/\/www.pwksecurity.com.br\/bem-vindo\/wp-json\/wp\/v2\/pages\/8"}],"collection":[{"href":"https:\/\/www.pwksecurity.com.br\/bem-vindo\/wp-json\/wp\/v2\/pages"}],"about":[{"href":"https:\/\/www.pwksecurity.com.br\/bem-vindo\/wp-json\/wp\/v2\/types\/page"}],"author":[{"embeddable":true,"href":"https:\/\/www.pwksecurity.com.br\/bem-vindo\/wp-json\/wp\/v2\/users\/1"}],"replies":[{"embeddable":true,"href":"https:\/\/www.pwksecurity.com.br\/bem-vindo\/wp-json\/wp\/v2\/comments?post=8"}],"version-history":[{"count":5,"href":"https:\/\/www.pwksecurity.com.br\/bem-vindo\/wp-json\/wp\/v2\/pages\/8\/revisions"}],"predecessor-version":[{"id":462,"href":"https:\/\/www.pwksecurity.com.br\/bem-vindo\/wp-json\/wp\/v2\/pages\/8\/revisions\/462"}],"wp:attachment":[{"href":"https:\/\/www.pwksecurity.com.br\/bem-vindo\/wp-json\/wp\/v2\/media?parent=8"}],"curies":[{"name":"wp","href":"https:\/\/api.w.org\/{rel}","templated":true}]}}