{"id":5,"date":"2019-06-20T05:05:44","date_gmt":"2019-06-20T05:05:44","guid":{"rendered":"http:\/\/demo.motothemes.co\/netw5\/insurance\/?page_id=5"},"modified":"2020-05-03T22:38:59","modified_gmt":"2020-05-03T22:38:59","slug":"quem-somos","status":"publish","type":"page","link":"https:\/\/www.pwksecurity.com.br\/bem-vindo\/quem-somos\/","title":{"rendered":"Quem Somos"},"content":{"rendered":"<p>[vc_row full_width=&#8221;stretch_row&#8221; css=&#8221;.vc_custom_1561037001624{background-color: #f5faff !important;}&#8221;][vc_column css=&#8221;.vc_custom_1561038760236{margin-top: 0px !important;margin-bottom: 0px !important;padding-top: 3px !important;padding-right: 3px !important;padding-bottom: 3px !important;padding-left: 3px !important;}&#8221; offset=&#8221;vc_col-lg-6 vc_col-md-6&#8243; el_class=&#8221;text-center&#8221;]<div class=\"motov4_spacer_69fa8446afeb7\"><\/div><div class=\"motov4_img_design  motov4_bg_opacity motov4_img_border motov4_image_69fa8446afece\"><img src=\"https:\/\/i0.wp.com\/www.pwksecurity.com.br\/bem-vindo\/wp-content\/uploads\/2019\/06\/insurance-about01.jpg?fit=570%2C368&#038;ssl=1\" alt=\"Image Missing\" class=\"img-fluid\"\/><\/div><div class=\"motov4_spacer_69fa8446b0186\"><\/div>[\/vc_column][vc_column offset=&#8221;vc_col-lg-6 vc_col-md-6&#8243;]<section class=\"motov4_fancy_heading text-left motov4_center_right_border motov4_69fa8446b019f\"><h1>Integrador de sistemas de seguran\u00e7a eletr\u00f4nica<\/h1><\/section><section class=\"motov4_fancy_heading text-left no_border motov4_69fa8446b01be\"><h2>Atendimento e servi\u00e7os com alto padr\u00e3o de qualidade<\/h2><\/section><div class=\"motov4_spacer_69fa8446b01d2\"><\/div>[vc_column_text css=&#8221;.vc_custom_1587928395768{margin-top: 0px !important;margin-bottom: 0px !important;padding-top: 0px !important;padding-bottom: 0px !important;}&#8221;]A PWKSECURITY \u00e9<em> uma empresa brasileira desde 1995, <\/em>especializada em integra\u00e7\u00e3o de sistemas de seguran\u00e7a eletr\u00f4nica<em>, sediada em S\u00e3o Paulo, capital<\/em>, o que permite acesso f\u00e1cil e r\u00e1pido aos principais fabricantes e importadores de equipamentos de \u00faltima gera\u00e7\u00e3o para Controles de Acesso, CFTV HD, Salas Limpas Laboratoriais, Intertravamento de eclusas gerenciados por softwares did\u00e1ticos, Smartphones ou Stand Alone. A PWKSECURITY <em>oferece consultoria, comercializa\u00e7\u00e3o e instala\u00e7\u00e3o para resid\u00eancias, \u00e1reas corporativas e governamentais, onde exista a necessidade de um maior rigor aos acessos, monitoramento \u00a0de imagens 24 horas e preven\u00e7\u00e3o a situa\u00e7\u00f5es de roubos, assaltos, invas\u00f5es e desvio de bens como de informa\u00e7\u00f5es sigilosas . A nossa equipe possui experi\u00eancia de mais de 20 anos na \u00e1rea atendendo as maiores empresas de S\u00e3o Paulo e todos tipos de condom\u00ednios residenciais e comerciais, estamos atualizados para oferecer aos nossos clientes <\/em>solu\u00e7\u00f5es para atend\u00ea-los nas necessidades em seguran\u00e7a eletr\u00f4nica<em>.\u00a0 <\/em><\/p>\n<p><em>\u00a0<\/em>[\/vc_column_text][vc_row_inner][vc_column_inner width=&#8221;1\/2&#8243; css=&#8221;.vc_custom_1561037462562{margin-top: 0px !important;margin-bottom: 0px !important;padding-top: 0px !important;padding-bottom: 0px !important;}&#8221;]<section class=\"motov4_fancy_heading text-left no_border motov4_69fa8446b01e1\"><h2>S\u00e9rgio Garcia<\/h2><\/section>[vc_column_text css=&#8221;.vc_custom_1587928665908{margin-top: 0px !important;margin-bottom: 0px !important;padding-top: 0px !important;padding-bottom: 0px !important;}&#8221;]Fundador[\/vc_column_text][\/vc_column_inner][vc_column_inner width=&#8221;1\/2&#8243; css=&#8221;.vc_custom_1561037540240{margin-top: 0px !important;margin-bottom: 0px !important;padding-top: 0px !important;padding-bottom: 0px !important;}&#8221;]<section class=\"motov4_fancy_heading text-right no_border motov4_69fa8446b01fa\"><h5>(11) 99545-2898 ou (11) 97052-0269<\/h5><span class=\"motov4_sub_head\">ligue e responderemos as suas d\u00favidas<\/span><\/section>[\/vc_column_inner][\/vc_row_inner]<div class=\"motov4_spacer_69fa8446b0215\"><\/div>[vc_empty_space][\/vc_column][\/vc_row][vc_row full_width=&#8221;stretch_row&#8221; css=&#8221;.vc_custom_1561037011199{background: #f5faff url(http:\/\/162.241.46.41\/~pwks\/bem-vindo\/wp-content\/uploads\/2019\/06\/insurance-testibg.jpg?id=150) !important;}&#8221;][vc_column css=&#8221;.vc_custom_1561024054800{margin-top: 0px !important;margin-bottom: 0px !important;padding-top: 0px !important;padding-bottom: 0px !important;}&#8221;]<div class=\"motov4_spacer_69fa8446b021a\"><\/div><section class=\"motov4_fancy_heading text-left motov4_center_right_border motov4_69fa8446b0223\"><h1>NOSSOS VALORES<\/h1><\/section><section class=\"motov4_fancy_heading text-left no_border motov4_69fa8446b0237\"><h4>Acreditamos em um Brasil que cresce em coletividade, com \u00e9tica e moralidade.<\/h4><\/section><div class=\"motov4_spacer_69fa8446b0247\"><\/div><div class=\"motov4_testi_69fa8446b0256 motov4_slider_style6\">\r\n\t\t\t\t\t<input type=\"hidden\" class=\"testi_slider_data\" value=\"{&quot;columns&quot;:&quot;2&quot;,&quot;arrows&quot;:&quot;&quot;,&quot;scrollto&quot;:&quot;1&quot;,&quot;dots&quot;:&quot;false&quot;,&quot;autoplay&quot;:&quot;on&quot;,&quot;speed&quot;:&quot;2000&quot;}\"><div class=\"test_slider slick_crousel\"><div class=\"test_slider_inner\">\r\n\t\t\t\t\t\t\t\t\t\t\t<div class=\"motov4_slide_box\"><div class=\"motov4_slide_foo_img\"><img src=\"https:\/\/i0.wp.com\/www.pwksecurity.com.br\/bem-vindo\/wp-content\/uploads\/2019\/06\/insurance-counter03.png?resize=64%2C64&#038;ssl=1\" alt=\"missao-pwks\"><\/div><div class=\"motov4_slide_data\"><p><p>&nbsp;<\/p>\r\n<!-- wp:paragraph -->\r\n<p>Garantir a excel\u00eancia na entrega de solu\u00e7\u00f5es criativas que atendam \u00e0s expectativas dos clientes, garantindo a cria\u00e7\u00e3o de valor e a sustentabilidade do neg\u00f3cio<\/p>\r\n<!-- \/wp:paragraph -->\r\n<p>&nbsp;<\/p><\/p>\r\n\t\t\t\t\t\t\t\t\t\t\t\t<div class=\"motov4_slide_footer\">\r\n\t\t\t\t\t\t\t\t\t\t\t\t\t<div class=\"motov4_slide_foo_text\"><h3>Miss\u00e3o<\/h3><\/div>\r\n\t\t\t\t\t\t\t\t\t\t\t\t\t<\/div>\r\n\t\t\t\t\t\t\t\t\t\t\t\t<\/div>\r\n\t\t\t\t\t\t\t\t\t\t\t<\/div>\r\n\t\t\t\t\t\t\t\t\t\t<\/div><div class=\"test_slider_inner\">\r\n\t\t\t\t\t\t\t\t\t\t\t<div class=\"motov4_slide_box\"><div class=\"motov4_slide_foo_img\"><img src=\"https:\/\/i0.wp.com\/www.pwksecurity.com.br\/bem-vindo\/wp-content\/uploads\/2019\/06\/insurance-counter04.png?resize=64%2C64&#038;ssl=1\" alt=\"visao-pwks\"><\/div><div class=\"motov4_slide_data\"><p><!-- wp:paragraph -->\r\n<p>Ser uma empresa de refer\u00eancia no mercado nacional , que busca solu\u00e7\u00f5es e as implanta para satisfa\u00e7\u00e3o de seus clientes, criando valor e fazendo a diferen\u00e7a onde estivermos e em tudo o que fizermos.<\/p>\r\n<p>&nbsp;<\/p>\r\n<!-- \/wp:paragraph --><\/p>\r\n\t\t\t\t\t\t\t\t\t\t\t\t<div class=\"motov4_slide_footer\">\r\n\t\t\t\t\t\t\t\t\t\t\t\t\t<div class=\"motov4_slide_foo_text\"><h3>Vis\u00e3o<\/h3><\/div>\r\n\t\t\t\t\t\t\t\t\t\t\t\t\t<\/div>\r\n\t\t\t\t\t\t\t\t\t\t\t\t<\/div>\r\n\t\t\t\t\t\t\t\t\t\t\t<\/div>\r\n\t\t\t\t\t\t\t\t\t\t<\/div><\/div><\/div><div class=\"motov4_spacer_69fa8446b0dcb\"><\/div>[\/vc_column][\/vc_row][vc_row full_width=&#8221;stretch_row&#8221; css=&#8221;.vc_custom_1561037001624{background-color: #f5faff !important;}&#8221;][vc_column css=&#8221;.vc_custom_1561024054800{margin-top: 0px !important;margin-bottom: 0px !important;padding-top: 0px !important;padding-bottom: 0px !important;}&#8221;]<div class=\"motov4_spacer_69fa8446b0dd4\"><\/div><section class=\"motov4_fancy_heading text-left motov4_center_right_border motov4_69fa8446b0de8\"><h1>NOSSOS CLIENTES<\/h1><\/section><section class=\"motov4_fancy_heading text-left no_border motov4_69fa8446b0e03\"><h2>A PWKSECURITY j\u00e1 atendeu a diversos clientes com diversas necessidades de seguran\u00e7a como o escrit\u00f3rio da Linea Sucralose, Grupo Votorantim, Arezzo, Joalherias Jack Vartanian, Gamboa advogados, fabricante dos m\u00f3dulos de arquivos para os documentos da Presid\u00eancia da Republica do Brasil, Fly Tur, CETESB, escrit\u00f3rio BBC de Londres no Brasil, Visit Britain, ag\u00eancia TALENT MACIEL, construtora ABDUCH, Construtora METODO e varias resid\u00eancias e condom\u00ednios resid\u00eanciais e corporativos na Grande S\u00e3o Paulo e Interior, esses s\u00e3o apenas alguns clientes satisfeitos com nossos servi\u00e7os que desde 1995 vem apresentando e instalando solu\u00e7\u00f5es atualizadas de sistemas de seguran\u00e7a eletr\u00f4nica.<\/h2><\/section><div class=\"motov4_spacer_69fa8446b0e0e\"><\/div><div class=\"motov4_spacer_69fa8446b0e12\"><\/div>[\/vc_column][\/vc_row][vc_row][vc_column]<div class=\"motov4_spacer_69fa8446b0e15\"><\/div><section class=\"motov4_fancy_heading text-left motov4_center_right_border motov4_69fa8446b0e1d\"><h1>PRINCIPAIS PARCEIROS<\/h1><\/section><section class=\"motov4_fancy_heading text-left no_border motov4_69fa8446b0e2e\"><h2>Intelbras, ControlId, Anviz, Automatiza, Vault, Hikivision, Alphadigi, Acura, Assaabloi, Sansung, Bosch, Virdi e v\u00e1rios projetos espec\u00edficos para tesouraria de transportadoras de valores e sistemas Prisionais.<\/h2><\/section><div class=\"motov4_spacer_69fa8446b0e3c\"><\/div>[vc_empty_space][\/vc_column][\/vc_row]<\/p>\n","protected":false},"excerpt":{"rendered":"<p>[vc_row full_width=&#8221;stretch_row&#8221; css=&#8221;.vc_custom_1561037001624{background-color: #f5faff !important;}&#8221;][vc_column css=&#8221;.vc_custom_1561038760236{margin-top: 0px !important;margin-bottom: 0px !important;padding-top: 3px !important;padding-right: 3px !important;padding-bottom: 3px !important;padding-left: 3px !important;}&#8221; offset=&#8221;vc_col-lg-6 vc_col-md-6&#8243;.<\/p>\n","protected":false},"author":1,"featured_media":0,"parent":0,"menu_order":0,"comment_status":"closed","ping_status":"closed","template":"","meta":{"spay_email":""},"_links":{"self":[{"href":"https:\/\/www.pwksecurity.com.br\/bem-vindo\/wp-json\/wp\/v2\/pages\/5"}],"collection":[{"href":"https:\/\/www.pwksecurity.com.br\/bem-vindo\/wp-json\/wp\/v2\/pages"}],"about":[{"href":"https:\/\/www.pwksecurity.com.br\/bem-vindo\/wp-json\/wp\/v2\/types\/page"}],"author":[{"embeddable":true,"href":"https:\/\/www.pwksecurity.com.br\/bem-vindo\/wp-json\/wp\/v2\/users\/1"}],"replies":[{"embeddable":true,"href":"https:\/\/www.pwksecurity.com.br\/bem-vindo\/wp-json\/wp\/v2\/comments?post=5"}],"version-history":[{"count":15,"href":"https:\/\/www.pwksecurity.com.br\/bem-vindo\/wp-json\/wp\/v2\/pages\/5\/revisions"}],"predecessor-version":[{"id":417,"href":"https:\/\/www.pwksecurity.com.br\/bem-vindo\/wp-json\/wp\/v2\/pages\/5\/revisions\/417"}],"wp:attachment":[{"href":"https:\/\/www.pwksecurity.com.br\/bem-vindo\/wp-json\/wp\/v2\/media?parent=5"}],"curies":[{"name":"wp","href":"https:\/\/api.w.org\/{rel}","templated":true}]}}