{"id":201,"date":"2019-06-20T05:05:57","date_gmt":"2019-06-20T05:05:57","guid":{"rendered":"http:\/\/demo.motothemes.co\/netw5\/insurance\/?page_id=6"},"modified":"2020-04-28T20:26:27","modified_gmt":"2020-04-28T20:26:27","slug":"servicos","status":"publish","type":"page","link":"https:\/\/www.pwksecurity.com.br\/bem-vindo\/servicos\/","title":{"rendered":"Servi\u00e7os"},"content":{"rendered":"<p>[vc_row full_width=&#8221;stretch_row&#8221; css=&#8221;.vc_custom_1561100932692{background-color: #f5faff !important;}&#8221;][vc_column css=&#8221;.vc_custom_1561024054800{margin-top: 0px !important;margin-bottom: 0px !important;padding-top: 0px !important;padding-bottom: 0px !important;}&#8221;]<div class=\"motov4_spacer_69fa842cd302b\"><\/div><section class=\"motov4_fancy_heading text-left motov4_center_right_border motov4_69fa842cd304c\"><h1>expressiva experi\u00eancia na \u00e1rea de seguran\u00e7a eletr\u00f4nica<\/h1><\/section><section class=\"motov4_fancy_heading text-left no_border motov4_69fa842cd306b\"><h2>Atendemos a corpora\u00e7\u00f5es, governo, condom\u00ednios e resid\u00eancias<\/h2><\/section><div class=\"motov4_spacer_69fa842cd3078\"><\/div><div class=\"motov4_process_69fa842cd3080 motov4_process_section\">\r\n\t\t\t\t\t<div class=\"row\">\r\n\t\t\t\t\t\t<div class=\"col-lg-3 col-md-12 no_padder\">\r\n\t\t\t\t\t\t\t<div class=\"motov4_call_action\">  \r\n\t\t\t\t\t\t\t\t<div class=\"motov4_call_display\">\r\n\t\t\t\t\t\t\t\t\t<h2>Qualidade<\/h2>\r\n\t\t\t\t\t\t\t\t\t<p>Atendemos a clientes com as mais diversas necessidades de seguran\u00e7a, utilizando as mais modernas tecnologias e as melhores pr\u00e1ticas de projeto e seguran\u00e7a.<\/p>\r\n\t\t\t\t\t\t\t\t<\/div>\r\n\t\t\t\t\t\t\t<\/div>\r\n\t\t\t\t\t\t<\/div>\r\n\t\t\t\t\t\t<div class=\"col-lg-9 col-md-12\">  \r\n\t\t\t\t\t\t\t<div class=\"motov4_process_content row\">\r\n\t\t\t\t\t\t\t\t <div class=\"col-lg-3 col-md-3 text-center no_padder\">  \r\n\t\t\t\t\t<div class=\"motov4_process_box\"><img src=\"\" alt=\"process\" class=\"img-fluid\"><h5>Visita T\u00e9cnica<\/h5><p>Nossos t\u00e9cnicos efetuam uma visita de conhecimento ao local da instala\u00e7\u00e3o e elaboram um projeto<\/p><\/div>\r\n\t\t\t\t<\/div><div class=\"col-lg-3 col-md-3 text-center no_padder\">  \r\n\t\t\t\t\t<div class=\"motov4_process_box\"><img src=\"\" alt=\"process\" class=\"img-fluid\"><h5>Instala\u00e7\u00e3o e cabeameto<\/h5><p>Instalamos produtos j\u00e1 adquiridos pelo cliente ou os que recomendamos<\/p><\/div>\r\n\t\t\t\t<\/div><div class=\"col-lg-3 col-md-3 text-center no_padder\">  \r\n\t\t\t\t\t<div class=\"motov4_process_box\"><img src=\"\" alt=\"process\" class=\"img-fluid\"><h5>Treinamento<\/h5><p>Integramos os equipamentos com os programas necess\u00e1rios e damos treinamento<\/p><\/div>\r\n\t\t\t\t<\/div><div class=\"col-lg-3 col-md-3 text-center no_padder\">  \r\n\t\t\t\t\t<div class=\"motov4_process_box\"><img src=\"\" alt=\"process\" class=\"img-fluid\"><h5>Suporte e Manuten\u00e7\u00e3o<\/h5><p>Contratos de manuten\u00e7\u00e3o corretiva e preventiva ou atendimento sobre demanda.<\/p><\/div>\r\n\t\t\t\t<\/div>\r\n\t\t\t\t\t\t\t<\/div>\r\n\t\t\t\t\t\t<\/div>\r\n\t\t\t\t\t<\/div>\t\r\n\t\t\t\t<\/div><div class=\"motov4_spacer_69fa842cd3bb2\"><\/div>[\/vc_column][\/vc_row][vc_row full_width=&#8221;stretch_row&#8221; css=&#8221;.vc_custom_1561100475906{background-image: url(http:\/\/162.241.46.41\/~pwks\/bem-vindo\/wp-content\/uploads\/2019\/06\/insurance-bg03.jpg?id=178) !important;}&#8221;][vc_column css=&#8221;.vc_custom_1561024054800{margin-top: 0px !important;margin-bottom: 0px !important;padding-top: 0px !important;padding-bottom: 0px !important;}&#8221;]<div class=\"motov4_spacer_69fa842cd3bb9\"><\/div><section class=\"motov4_fancy_heading text-left motov4_center_right_border motov4_69fa842cd3bc8\"><h1>TECNOLOGIA E QUALIDADE<\/h1><\/section><section class=\"motov4_fancy_heading text-left no_border motov4_69fa842cd3be2\"><h2>Oferecemos o que h\u00e1 de melhor a nossos clientes<\/h2><\/section><div class=\"motov4_spacer_69fa842cd3bef\"><\/div>[vc_row_inner][vc_column_inner css=&#8221;.vc_custom_1561098032385{margin-top: 0px !important;margin-bottom: 0px !important;padding-top: 0px !important;padding-bottom: 0px !important;}&#8221;]<div class=\"motov4_feature_69fa842cd3bf7\"><div class=\"row\"> <div class=\"col-lg-4 col-md-6\">\r\n\t\t\t\t<div class=\"motov4_69fa842cd3c49 motov4_features_box text-center motov4_features_box_style5\"><span class=\"feature_counter\" style=\"color:#ffffff\">1.<\/span><div class=\"motov4_icon_box\" style=\"color:#dd3333; border-color:#dd3333;\"><i class=\"fa fa-id-card-o\"><\/i><\/div>\r\n\t\t\t\t\t<div class=\"motov4_feature_data\"><h3>Leitores de Proximidade<\/h3>\r\n\t\t\t\t\t<p>O leitor de cart\u00e3o de proximidade consiste em um equipamento dos mais utilizados em controle de acesso de modo que, ao encostar o cart\u00e3o em alguma porta ou port\u00e3o, \u00e9 liberada a entrada do solicitante, conforme pr\u00e9via determina\u00e7\u00e3o da pr\u00f3pria empresa<\/p><\/div><\/div>\r\n\t\t\t<\/div><div class=\"col-lg-4 col-md-6\">\r\n\t\t\t\t<div class=\"motov4_69fa842cd3c79 motov4_features_box text-center motov4_features_box_style5\"><span class=\"feature_counter\" style=\"color:#ffffff\">2.<\/span><div class=\"motov4_icon_box\" style=\"color:#dd3333; border-color:#dd3333;\"><i class=\"fa fa-bullhorn\"><\/i><\/div>\r\n\t\t\t\t\t<div class=\"motov4_feature_data\"><h3>Centrais de alarme<\/h3>\r\n\t\t\t\t\t<p>Integra sensores de movimento ou de temperatura para detectar algum comportamento anormal no local, alarmes e sirenes para emitir alertas sonoros e meios de comunica\u00e7\u00e3o para alertar o propriet\u00e1rio e\/ou a equipe de seguran\u00e7a.<\/p><\/div><\/div>\r\n\t\t\t<\/div><div class=\"col-lg-4 col-md-6\">\r\n\t\t\t\t<div class=\"motov4_69fa842cd3c90 motov4_features_box text-center motov4_features_box_style5\"><span class=\"feature_counter\" style=\"color:#ffffff\">3.<\/span><div class=\"motov4_icon_box\" style=\"color:rgba(221,51,51,0.97); border-color:rgba(221,51,51,0.97);\"><i class=\"fa fa-plug\"><\/i><\/div>\r\n\t\t\t\t\t<div class=\"motov4_feature_data\"><h3>Fonte de alimenta\u00e7\u00e3o nobreak<\/h3>\r\n\t\t\t\t\t<p>Sistemas de Seguran\u00e7a Eletr\u00f4nica para proteger o patrim\u00f4nio contra poss\u00edveis roubos e invas\u00f5es n\u00e3o tem sentido se faltar energia.  O nobreak garante a continuidade da opera\u00e7\u00e3o quando h\u00e1 interrup\u00e7\u00e3o de energia.<\/p><\/div><\/div>\r\n\t\t\t<\/div><div class=\"col-lg-4 col-md-6\">\r\n\t\t\t\t<div class=\"motov4_69fa842cd3ca3 motov4_features_box text-center motov4_features_box_style5\"><span class=\"feature_counter\" style=\"color:#ffffff\">4.<\/span><div class=\"motov4_icon_box\" style=\"color:#dd3333; border-color:#dd3333;\"><i class=\"fa fa-clone\"><\/i><\/div>\r\n\t\t\t\t\t<div class=\"motov4_feature_data\"><h3>Portas de intertravamento<\/h3>\r\n\t\t\t\t\t<p>Desenvolvida para ambientes de seguran\u00e7a, como bancos, lot\u00e9ricas,  supermercados, tesourarias, salas limpas. Ao receber o acesso a uma porta, o usu\u00e1rio s\u00f3 conseguir\u00e1 libera\u00e7\u00e3o quando a anterior estiver fechada.<\/p><\/div><\/div>\r\n\t\t\t<\/div><div class=\"col-lg-4 col-md-6\">\r\n\t\t\t\t<div class=\"motov4_69fa842cd3cb4 motov4_features_box text-center motov4_features_box_style5\"><span class=\"feature_counter\" style=\"color:#ffffff\">5.<\/span><div class=\"motov4_icon_box\" style=\"color:#dd3333; border-color:#dd3333;\"><i class=\"fa fa-wifi\"><\/i><\/div>\r\n\t\t\t\t\t<div class=\"motov4_feature_data\"><h3>Sensores de situa\u00e7\u00e3o de porta<\/h3>\r\n\t\t\t\t\t<p>Detector magn\u00e9tico de elevada sensibilidade, protegendo todos os acessos \u00e0 sua casa. Instalado nos batentes de portas e janelas, o detector conta com um avan\u00e7ado filtro de vibra\u00e7\u00f5es com sensor de impacto,<\/p><\/div><\/div>\r\n\t\t\t<\/div><div class=\"col-lg-4 col-md-6\">\r\n\t\t\t\t<div class=\"motov4_69fa842cd3cc4 motov4_features_box text-center motov4_features_box_style5\"><span class=\"feature_counter\" style=\"color:#ffffff\">6.<\/span><div class=\"motov4_icon_box\" style=\"color:#dd3333; border-color:#dd3333;\"><i class=\"fa fa-wheelchair\"><\/i><\/div>\r\n\t\t\t\t\t<div class=\"motov4_feature_data\"><h3>Acessibilidade: seguran\u00e7a para os deficientes f\u00edsicos<\/h3>\r\n\t\t\t\t\t<p>Oferecemos toda a linha de solu\u00e7\u00f5es de seguran\u00e7a relativas a acessibilidade como catracas PNE com leitor de proximidade ou smart card, bot\u00e3o de emerg\u00eancia e alarmes<\/p><\/div><\/div>\r\n\t\t\t<\/div> <\/div><\/div>[\/vc_column_inner][\/vc_row_inner]<div class=\"motov4_spacer_69fa842cd3cdc\"><\/div>[\/vc_column][\/vc_row]<\/p>\n","protected":false},"excerpt":{"rendered":"<p>[vc_row full_width=&#8221;stretch_row&#8221; css=&#8221;.vc_custom_1561100932692{background-color: #f5faff !important;}&#8221;][vc_column css=&#8221;.vc_custom_1561024054800{margin-top: 0px !important;margin-bottom: 0px !important;padding-top: 0px !important;padding-bottom: 0px !important;}&#8221;][\/vc_column][\/vc_row][vc_row full_width=&#8221;stretch_row&#8221; css=&#8221;.vc_custom_1561100475906{background-image: url(http:\/\/162.241.46.41\/~pwks\/bem-vindo\/wp-content\/uploads\/2019\/06\/insurance-bg03.jpg?id=178) !important;}&#8221;][vc_column css=&#8221;.vc_custom_1561024054800{margin-top: 0px.<\/p>\n","protected":false},"author":1,"featured_media":0,"parent":0,"menu_order":0,"comment_status":"closed","ping_status":"closed","template":"","meta":{"spay_email":""},"_links":{"self":[{"href":"https:\/\/www.pwksecurity.com.br\/bem-vindo\/wp-json\/wp\/v2\/pages\/201"}],"collection":[{"href":"https:\/\/www.pwksecurity.com.br\/bem-vindo\/wp-json\/wp\/v2\/pages"}],"about":[{"href":"https:\/\/www.pwksecurity.com.br\/bem-vindo\/wp-json\/wp\/v2\/types\/page"}],"author":[{"embeddable":true,"href":"https:\/\/www.pwksecurity.com.br\/bem-vindo\/wp-json\/wp\/v2\/users\/1"}],"replies":[{"embeddable":true,"href":"https:\/\/www.pwksecurity.com.br\/bem-vindo\/wp-json\/wp\/v2\/comments?post=201"}],"version-history":[{"count":38,"href":"https:\/\/www.pwksecurity.com.br\/bem-vindo\/wp-json\/wp\/v2\/pages\/201\/revisions"}],"predecessor-version":[{"id":363,"href":"https:\/\/www.pwksecurity.com.br\/bem-vindo\/wp-json\/wp\/v2\/pages\/201\/revisions\/363"}],"wp:attachment":[{"href":"https:\/\/www.pwksecurity.com.br\/bem-vindo\/wp-json\/wp\/v2\/media?parent=201"}],"curies":[{"name":"wp","href":"https:\/\/api.w.org\/{rel}","templated":true}]}}